{"id":6,"date":"2020-04-17T10:14:46","date_gmt":"2020-04-17T13:14:46","guid":{"rendered":"http:\/\/localhost\/abprojetos\/?page_id=6"},"modified":"2023-10-20T17:07:08","modified_gmt":"2023-10-20T20:07:08","slug":"inicio","status":"publish","type":"page","link":"https:\/\/abprojetoseconstrucoes.com\/","title":{"rendered":"In\u00edcio"},"content":{"rendered":"","protected":false},"excerpt":{"rendered":"","protected":false},"author":1,"featured_media":0,"parent":0,"menu_order":0,"comment_status":"closed","ping_status":"closed","template":"","meta":{"_acf_changed":false,"footnotes":""},"class_list":["post-6","page","type-page","status-publish","hentry"],"acf":[],"yoast_head":"<!-- This site is optimized with the Yoast SEO plugin v27.2 - https:\/\/yoast.com\/product\/yoast-seo-wordpress\/ -->\n<title>AB Projetos e Constru\u00e7\u00f5es - Solu\u00e7\u00f5es de Engenharia com Qualidade, Efic\u00e1cia e Seriedade<\/title>\n<meta name=\"description\" content=\"A AB Projetos atua no mercado brasileiro, principalmente no Nordeste, na \u00e1rea de instala\u00e7\u00f5es, desde da elabora\u00e7\u00e3o dos projetos complementares a execu\u00e7\u00e3o de obra.\" \/>\n<meta name=\"robots\" content=\"index, follow, max-snippet:-1, max-image-preview:large, max-video-preview:-1\" \/>\n<link rel=\"canonical\" href=\"https:\/\/abprojetoseconstrucoes.com\/\" \/>\n<script type=\"application\/ld+json\" class=\"yoast-schema-graph\">{\"@context\":\"https:\/\/schema.org\",\"@graph\":[{\"@type\":\"WebPage\",\"@id\":\"https:\/\/abprojetoseconstrucoes.com\/\",\"url\":\"https:\/\/abprojetoseconstrucoes.com\/\",\"name\":\"AB Projetos e Constru\u00e7\u00f5es - Solu\u00e7\u00f5es de Engenharia com Qualidade, Efic\u00e1cia e Seriedade\",\"isPartOf\":{\"@id\":\"https:\/\/abprojetoseconstrucoes.com\/#website\"},\"datePublished\":\"2020-04-17T13:14:46+00:00\",\"dateModified\":\"2023-10-20T20:07:08+00:00\",\"description\":\"A AB Projetos atua no mercado brasileiro, principalmente no Nordeste, na \u00e1rea de instala\u00e7\u00f5es, desde da elabora\u00e7\u00e3o dos projetos complementares a execu\u00e7\u00e3o de obra.\",\"breadcrumb\":{\"@id\":\"https:\/\/abprojetoseconstrucoes.com\/#breadcrumb\"},\"inLanguage\":\"pt-BR\",\"potentialAction\":[{\"@type\":\"ReadAction\",\"target\":[\"https:\/\/abprojetoseconstrucoes.com\/\"]}]},{\"@type\":\"BreadcrumbList\",\"@id\":\"https:\/\/abprojetoseconstrucoes.com\/#breadcrumb\",\"itemListElement\":[{\"@type\":\"ListItem\",\"position\":1,\"name\":\"In\u00edcio\",\"item\":\"https:\/\/abprojetoseconstrucoes.com\/\"},{\"@type\":\"ListItem\",\"position\":2,\"name\":\"In\u00edcio\"}]},{\"@type\":\"WebSite\",\"@id\":\"https:\/\/abprojetoseconstrucoes.com\/#website\",\"url\":\"https:\/\/abprojetoseconstrucoes.com\/\",\"name\":\"AB Projetos e Constru\u00e7\u00f5es\",\"description\":\"Execu\u00e7\u00f5es, Projetos e Laudos T\u00e9cnicos\",\"publisher\":{\"@id\":\"https:\/\/abprojetoseconstrucoes.com\/#organization\"},\"potentialAction\":[{\"@type\":\"SearchAction\",\"target\":{\"@type\":\"EntryPoint\",\"urlTemplate\":\"https:\/\/abprojetoseconstrucoes.com\/?s={search_term_string}\"},\"query-input\":{\"@type\":\"PropertyValueSpecification\",\"valueRequired\":true,\"valueName\":\"search_term_string\"}}],\"inLanguage\":\"pt-BR\"},{\"@type\":\"Organization\",\"@id\":\"https:\/\/abprojetoseconstrucoes.com\/#organization\",\"name\":\"AB Projetos e Constru\u00e7\u00f5es\",\"url\":\"https:\/\/abprojetoseconstrucoes.com\/\",\"logo\":{\"@type\":\"ImageObject\",\"inLanguage\":\"pt-BR\",\"@id\":\"https:\/\/abprojetoseconstrucoes.com\/#\/schema\/logo\/image\/\",\"url\":\"https:\/\/abprojetoseconstrucoes.com\/wp-content\/uploads\/2023\/10\/avatar-ab-projetos.jpg\",\"contentUrl\":\"https:\/\/abprojetoseconstrucoes.com\/wp-content\/uploads\/2023\/10\/avatar-ab-projetos.jpg\",\"width\":400,\"height\":400,\"caption\":\"AB Projetos e Constru\u00e7\u00f5es\"},\"image\":{\"@id\":\"https:\/\/abprojetoseconstrucoes.com\/#\/schema\/logo\/image\/\"},\"sameAs\":[\"https:\/\/www.instagram.com\/abprojetoseconstrucoes\/\"]}]}<\/script>\n<!-- \/ Yoast SEO plugin. -->","yoast_head_json":{"title":"AB Projetos e Constru\u00e7\u00f5es - Solu\u00e7\u00f5es de Engenharia com Qualidade, Efic\u00e1cia e Seriedade","description":"A AB Projetos atua no mercado brasileiro, principalmente no Nordeste, na \u00e1rea de instala\u00e7\u00f5es, desde da elabora\u00e7\u00e3o dos projetos complementares a execu\u00e7\u00e3o de obra.","robots":{"index":"index","follow":"follow","max-snippet":"max-snippet:-1","max-image-preview":"max-image-preview:large","max-video-preview":"max-video-preview:-1"},"canonical":"https:\/\/abprojetoseconstrucoes.com\/","schema":{"@context":"https:\/\/schema.org","@graph":[{"@type":"WebPage","@id":"https:\/\/abprojetoseconstrucoes.com\/","url":"https:\/\/abprojetoseconstrucoes.com\/","name":"AB Projetos e Constru\u00e7\u00f5es - Solu\u00e7\u00f5es de Engenharia com Qualidade, Efic\u00e1cia e Seriedade","isPartOf":{"@id":"https:\/\/abprojetoseconstrucoes.com\/#website"},"datePublished":"2020-04-17T13:14:46+00:00","dateModified":"2023-10-20T20:07:08+00:00","description":"A AB Projetos atua no mercado brasileiro, principalmente no Nordeste, na \u00e1rea de instala\u00e7\u00f5es, desde da elabora\u00e7\u00e3o dos projetos complementares a execu\u00e7\u00e3o de obra.","breadcrumb":{"@id":"https:\/\/abprojetoseconstrucoes.com\/#breadcrumb"},"inLanguage":"pt-BR","potentialAction":[{"@type":"ReadAction","target":["https:\/\/abprojetoseconstrucoes.com\/"]}]},{"@type":"BreadcrumbList","@id":"https:\/\/abprojetoseconstrucoes.com\/#breadcrumb","itemListElement":[{"@type":"ListItem","position":1,"name":"In\u00edcio","item":"https:\/\/abprojetoseconstrucoes.com\/"},{"@type":"ListItem","position":2,"name":"In\u00edcio"}]},{"@type":"WebSite","@id":"https:\/\/abprojetoseconstrucoes.com\/#website","url":"https:\/\/abprojetoseconstrucoes.com\/","name":"AB Projetos e Constru\u00e7\u00f5es","description":"Execu\u00e7\u00f5es, Projetos e Laudos T\u00e9cnicos","publisher":{"@id":"https:\/\/abprojetoseconstrucoes.com\/#organization"},"potentialAction":[{"@type":"SearchAction","target":{"@type":"EntryPoint","urlTemplate":"https:\/\/abprojetoseconstrucoes.com\/?s={search_term_string}"},"query-input":{"@type":"PropertyValueSpecification","valueRequired":true,"valueName":"search_term_string"}}],"inLanguage":"pt-BR"},{"@type":"Organization","@id":"https:\/\/abprojetoseconstrucoes.com\/#organization","name":"AB Projetos e Constru\u00e7\u00f5es","url":"https:\/\/abprojetoseconstrucoes.com\/","logo":{"@type":"ImageObject","inLanguage":"pt-BR","@id":"https:\/\/abprojetoseconstrucoes.com\/#\/schema\/logo\/image\/","url":"https:\/\/abprojetoseconstrucoes.com\/wp-content\/uploads\/2023\/10\/avatar-ab-projetos.jpg","contentUrl":"https:\/\/abprojetoseconstrucoes.com\/wp-content\/uploads\/2023\/10\/avatar-ab-projetos.jpg","width":400,"height":400,"caption":"AB Projetos e Constru\u00e7\u00f5es"},"image":{"@id":"https:\/\/abprojetoseconstrucoes.com\/#\/schema\/logo\/image\/"},"sameAs":["https:\/\/www.instagram.com\/abprojetoseconstrucoes\/"]}]}},"_links":{"self":[{"href":"https:\/\/abprojetoseconstrucoes.com\/index.php?rest_route=\/wp\/v2\/pages\/6","targetHints":{"allow":["GET"]}}],"collection":[{"href":"https:\/\/abprojetoseconstrucoes.com\/index.php?rest_route=\/wp\/v2\/pages"}],"about":[{"href":"https:\/\/abprojetoseconstrucoes.com\/index.php?rest_route=\/wp\/v2\/types\/page"}],"author":[{"embeddable":true,"href":"https:\/\/abprojetoseconstrucoes.com\/index.php?rest_route=\/wp\/v2\/users\/1"}],"replies":[{"embeddable":true,"href":"https:\/\/abprojetoseconstrucoes.com\/index.php?rest_route=%2Fwp%2Fv2%2Fcomments&post=6"}],"version-history":[{"count":23,"href":"https:\/\/abprojetoseconstrucoes.com\/index.php?rest_route=\/wp\/v2\/pages\/6\/revisions"}],"predecessor-version":[{"id":122,"href":"https:\/\/abprojetoseconstrucoes.com\/index.php?rest_route=\/wp\/v2\/pages\/6\/revisions\/122"}],"wp:attachment":[{"href":"https:\/\/abprojetoseconstrucoes.com\/index.php?rest_route=%2Fwp%2Fv2%2Fmedia&parent=6"}],"curies":[{"name":"wp","href":"https:\/\/api.w.org\/{rel}","templated":true}]}}